{"id":87,"date":"2025-12-16T11:11:25","date_gmt":"2025-12-16T10:11:25","guid":{"rendered":"https:\/\/loewencola.de\/?page_id=87"},"modified":"2026-01-19T17:51:15","modified_gmt":"2026-01-19T16:51:15","slug":"ueber-uns","status":"publish","type":"page","link":"https:\/\/loewencola.de\/?page_id=87","title":{"rendered":"\u00dcber uns"},"content":{"rendered":"","protected":true},"excerpt":{"rendered":"","protected":true},"author":2,"featured_media":0,"parent":0,"menu_order":0,"comment_status":"closed","ping_status":"closed","template":"","meta":{"footnotes":""},"class_list":["post-87","page","type-page","status-publish","post-password-required","hentry"],"yoast_head":"<!-- This site is optimized with the Yoast SEO plugin v26.6 - https:\/\/yoast.com\/wordpress\/plugins\/seo\/ -->\n<title>\u00dcber uns - L\u00f6wen Cola<\/title>\n<meta name=\"description\" content=\"Wir sind ein echter Familien- und Handwerksbetrieb \u2013 mit Leidenschaft und Herzblut stellen wir Biere und Limonaden her. Seit \u00fcber 260 Jahren und 8 Generationen sind wir in der Getr\u00e4nkeherstellung t\u00e4tig.\" \/>\n<meta name=\"robots\" content=\"index, follow, max-snippet:-1, max-image-preview:large, max-video-preview:-1\" \/>\n<link rel=\"canonical\" href=\"https:\/\/loewencola.de\/?page_id=87\" \/>\n<meta property=\"og:locale\" content=\"de_DE\" \/>\n<meta property=\"og:type\" content=\"article\" \/>\n<meta property=\"og:title\" content=\"\u00dcber uns - L\u00f6wen Cola\" \/>\n<meta property=\"og:description\" content=\"Wir sind ein echter Familien- und Handwerksbetrieb \u2013 mit Leidenschaft und Herzblut stellen wir Biere und Limonaden her. Seit \u00fcber 260 Jahren und 8 Generationen sind wir in der Getr\u00e4nkeherstellung t\u00e4tig.\" \/>\n<meta property=\"og:url\" content=\"https:\/\/loewencola.de\/?page_id=87\" \/>\n<meta property=\"og:site_name\" content=\"L\u00f6wen Cola\" \/>\n<meta property=\"article:modified_time\" content=\"2026-01-19T16:51:15+00:00\" \/>\n<meta name=\"twitter:card\" content=\"summary_large_image\" \/>\n<script type=\"application\/ld+json\" class=\"yoast-schema-graph\">{\"@context\":\"https:\/\/schema.org\",\"@graph\":[{\"@type\":\"WebPage\",\"@id\":\"https:\/\/loewencola.de\/?page_id=87\",\"url\":\"https:\/\/loewencola.de\/?page_id=87\",\"name\":\"\u00dcber uns - L\u00f6wen Cola\",\"isPartOf\":{\"@id\":\"https:\/\/loewencola.de\/#website\"},\"datePublished\":\"2025-12-16T10:11:25+00:00\",\"dateModified\":\"2026-01-19T16:51:15+00:00\",\"breadcrumb\":{\"@id\":\"https:\/\/loewencola.de\/?page_id=87#breadcrumb\"},\"inLanguage\":\"de\"},{\"@type\":\"WebSite\",\"@id\":\"https:\/\/loewencola.de\/#website\",\"url\":\"https:\/\/loewencola.de\/\",\"name\":\"L\u00f6wen Cola\",\"description\":\"L\u00f6wen Limos\",\"publisher\":{\"@id\":\"https:\/\/loewencola.de\/#organization\"},\"potentialAction\":[{\"@type\":\"SearchAction\",\"target\":{\"@type\":\"EntryPoint\",\"urlTemplate\":\"https:\/\/loewencola.de\/?s={search_term_string}\"},\"query-input\":{\"@type\":\"PropertyValueSpecification\",\"valueRequired\":true,\"valueName\":\"search_term_string\"}}],\"inLanguage\":\"de\"},{\"@type\":\"Organization\",\"@id\":\"https:\/\/loewencola.de\/#organization\",\"name\":\"L\u00f6wen Cola\",\"url\":\"https:\/\/loewencola.de\/\",\"logo\":{\"@type\":\"ImageObject\",\"inLanguage\":\"de\",\"@id\":\"https:\/\/loewencola.de\/#\/schema\/logo\/image\/\",\"url\":\"https:\/\/loewencola.de\/wp-content\/uploads\/2025\/12\/loewen_cola_Logo-1.png\",\"contentUrl\":\"https:\/\/loewencola.de\/wp-content\/uploads\/2025\/12\/loewen_cola_Logo-1.png\",\"width\":315,\"height\":229,\"caption\":\"L\u00f6wen Cola\"},\"image\":{\"@id\":\"https:\/\/loewencola.de\/#\/schema\/logo\/image\/\"}}]}<\/script>\n<!-- \/ Yoast SEO plugin. -->","yoast_head_json":{"title":"\u00dcber uns - L\u00f6wen Cola","description":"Wir sind ein echter Familien- und Handwerksbetrieb \u2013 mit Leidenschaft und Herzblut stellen wir Biere und Limonaden her. Seit \u00fcber 260 Jahren und 8 Generationen sind wir in der Getr\u00e4nkeherstellung t\u00e4tig.","robots":{"index":"index","follow":"follow","max-snippet":"max-snippet:-1","max-image-preview":"max-image-preview:large","max-video-preview":"max-video-preview:-1"},"canonical":"https:\/\/loewencola.de\/?page_id=87","og_locale":"de_DE","og_type":"article","og_title":"\u00dcber uns - L\u00f6wen Cola","og_description":"Wir sind ein echter Familien- und Handwerksbetrieb \u2013 mit Leidenschaft und Herzblut stellen wir Biere und Limonaden her. Seit \u00fcber 260 Jahren und 8 Generationen sind wir in der Getr\u00e4nkeherstellung t\u00e4tig.","og_url":"https:\/\/loewencola.de\/?page_id=87","og_site_name":"L\u00f6wen Cola","article_modified_time":"2026-01-19T16:51:15+00:00","twitter_card":"summary_large_image","schema":{"@context":"https:\/\/schema.org","@graph":[{"@type":"WebPage","@id":"https:\/\/loewencola.de\/?page_id=87","url":"https:\/\/loewencola.de\/?page_id=87","name":"\u00dcber uns - L\u00f6wen Cola","isPartOf":{"@id":"https:\/\/loewencola.de\/#website"},"datePublished":"2025-12-16T10:11:25+00:00","dateModified":"2026-01-19T16:51:15+00:00","breadcrumb":{"@id":"https:\/\/loewencola.de\/?page_id=87#breadcrumb"},"inLanguage":"de"},{"@type":"WebSite","@id":"https:\/\/loewencola.de\/#website","url":"https:\/\/loewencola.de\/","name":"L\u00f6wen Cola","description":"L\u00f6wen Limos","publisher":{"@id":"https:\/\/loewencola.de\/#organization"},"potentialAction":[{"@type":"SearchAction","target":{"@type":"EntryPoint","urlTemplate":"https:\/\/loewencola.de\/?s={search_term_string}"},"query-input":{"@type":"PropertyValueSpecification","valueRequired":true,"valueName":"search_term_string"}}],"inLanguage":"de"},{"@type":"Organization","@id":"https:\/\/loewencola.de\/#organization","name":"L\u00f6wen Cola","url":"https:\/\/loewencola.de\/","logo":{"@type":"ImageObject","inLanguage":"de","@id":"https:\/\/loewencola.de\/#\/schema\/logo\/image\/","url":"https:\/\/loewencola.de\/wp-content\/uploads\/2025\/12\/loewen_cola_Logo-1.png","contentUrl":"https:\/\/loewencola.de\/wp-content\/uploads\/2025\/12\/loewen_cola_Logo-1.png","width":315,"height":229,"caption":"L\u00f6wen Cola"},"image":{"@id":"https:\/\/loewencola.de\/#\/schema\/logo\/image\/"}}]}},"_links":{"self":[{"href":"https:\/\/loewencola.de\/index.php?rest_route=\/wp\/v2\/pages\/87","targetHints":{"allow":["GET"]}}],"collection":[{"href":"https:\/\/loewencola.de\/index.php?rest_route=\/wp\/v2\/pages"}],"about":[{"href":"https:\/\/loewencola.de\/index.php?rest_route=\/wp\/v2\/types\/page"}],"author":[{"embeddable":true,"href":"https:\/\/loewencola.de\/index.php?rest_route=\/wp\/v2\/users\/2"}],"replies":[{"embeddable":true,"href":"https:\/\/loewencola.de\/index.php?rest_route=%2Fwp%2Fv2%2Fcomments&post=87"}],"version-history":[{"count":127,"href":"https:\/\/loewencola.de\/index.php?rest_route=\/wp\/v2\/pages\/87\/revisions"}],"predecessor-version":[{"id":881,"href":"https:\/\/loewencola.de\/index.php?rest_route=\/wp\/v2\/pages\/87\/revisions\/881"}],"wp:attachment":[{"href":"https:\/\/loewencola.de\/index.php?rest_route=%2Fwp%2Fv2%2Fmedia&parent=87"}],"curies":[{"name":"wp","href":"https:\/\/api.w.org\/{rel}","templated":true}]}}