{"id":851,"date":"2026-01-19T16:01:09","date_gmt":"2026-01-19T15:01:09","guid":{"rendered":"https:\/\/loewencola.de\/?page_id=851"},"modified":"2026-01-20T13:38:18","modified_gmt":"2026-01-20T12:38:18","slug":"barrierefreiheit","status":"publish","type":"page","link":"https:\/\/loewencola.de\/?page_id=851","title":{"rendered":"Barrierefreiheit"},"content":{"rendered":"\t\t<div data-elementor-type=\"wp-page\" data-elementor-id=\"851\" class=\"elementor elementor-851\" data-elementor-post-type=\"page\">\n\t\t\t\t\t\t<section class=\"elementor-section elementor-top-section elementor-element elementor-element-0e4b045 elementor-section-boxed elementor-section-height-default elementor-section-height-default\" data-id=\"0e4b045\" data-element_type=\"section\">\n\t\t\t\t\t\t<div class=\"elementor-container elementor-column-gap-default\">\n\t\t\t\t\t<div class=\"elementor-column elementor-col-100 elementor-top-column elementor-element elementor-element-e79e893\" data-id=\"e79e893\" data-element_type=\"column\">\n\t\t\t<div class=\"elementor-widget-wrap elementor-element-populated\">\n\t\t\t\t\t\t<div class=\"elementor-element elementor-element-0c48854 elementor-invisible elementor-widget elementor-widget-heading\" data-id=\"0c48854\" data-element_type=\"widget\" data-settings=\"{&quot;_animation&quot;:&quot;slideInDown&quot;}\" data-widget_type=\"heading.default\">\n\t\t\t\t\t<h2 class=\"elementor-heading-title elementor-size-default\">Barrierefreiheit<\/h2>\t\t\t\t<\/div>\n\t\t\t\t<div class=\"elementor-element elementor-element-8148758 elementor-widget-divider--view-line elementor-widget elementor-widget-divider\" data-id=\"8148758\" data-element_type=\"widget\" data-widget_type=\"divider.default\">\n\t\t\t\t\t\t\t<div class=\"elementor-divider\">\n\t\t\t<span class=\"elementor-divider-separator\">\n\t\t\t\t\t\t<\/span>\n\t\t<\/div>\n\t\t\t\t\t\t<\/div>\n\t\t\t\t\t<\/div>\n\t\t<\/div>\n\t\t\t\t\t<\/div>\n\t\t<\/section>\n\t\t<div class=\"elementor-element elementor-element-e8df03f e-flex e-con-boxed e-con e-parent\" data-id=\"e8df03f\" data-element_type=\"container\">\n\t\t\t\t\t<div class=\"e-con-inner\">\n\t\t\t\t<div class=\"elementor-element elementor-element-3a12963 elementor-widget elementor-widget-text-editor\" data-id=\"3a12963\" data-element_type=\"widget\" data-widget_type=\"text-editor.default\">\n\t\t\t\t\t\t\t\t\t<p>Wir (<strong>L\u00f6wenbrauerei Br\u00e4unlingen<\/strong>) als Websitebetreiber sind bem\u00fcht, die Website in Einklang mit den einschl\u00e4gigen Vorschriften zur Barrierefreiheit zu gestalten. F\u00fcr uns gelten folgende Rechtsvorschriften:<\/p><p>Landesgesetz zur Gleichstellung von Menschen mit Behinderungen (Landes-Behindertengleichstellungsgesetz \u2013 L-BGG) und L-BGG-Durchf\u00fchrungsverordnung<\/p>\t\t\t\t\t\t\t\t<\/div>\n\t\t\t\t<div class=\"elementor-element elementor-element-5e285fb elementor-invisible elementor-widget elementor-widget-heading\" data-id=\"5e285fb\" data-element_type=\"widget\" data-settings=\"{&quot;_animation&quot;:&quot;slideInDown&quot;}\" data-widget_type=\"heading.default\">\n\t\t\t\t\t<h2 class=\"elementor-heading-title elementor-size-default\">Website<\/h2>\t\t\t\t<\/div>\n\t\t\t\t<div class=\"elementor-element elementor-element-552459a elementor-widget elementor-widget-text-editor\" data-id=\"552459a\" data-element_type=\"widget\" data-widget_type=\"text-editor.default\">\n\t\t\t\t\t\t\t\t\t<p>Diese Erkl\u00e4rung zur Barrierefreiheit gilt f\u00fcr die Website www.loewencola.de<\/p>\t\t\t\t\t\t\t\t<\/div>\n\t\t\t\t<div class=\"elementor-element elementor-element-5dfa137 elementor-invisible elementor-widget elementor-widget-heading\" data-id=\"5dfa137\" data-element_type=\"widget\" data-settings=\"{&quot;_animation&quot;:&quot;slideInDown&quot;}\" data-widget_type=\"heading.default\">\n\t\t\t\t\t<h2 class=\"elementor-heading-title elementor-size-default\">Ver\u00f6ffentlichungsdatum der Website<\/h2>\t\t\t\t<\/div>\n\t\t\t\t<div class=\"elementor-element elementor-element-fb517f3 elementor-widget elementor-widget-text-editor\" data-id=\"fb517f3\" data-element_type=\"widget\" data-widget_type=\"text-editor.default\">\n\t\t\t\t\t\t\t\t\t<p>Diese Website wurde am 15.12.2025 ver\u00f6ffentlicht.<\/p>\t\t\t\t\t\t\t\t<\/div>\n\t\t\t\t<div class=\"elementor-element elementor-element-7bde0de elementor-invisible elementor-widget elementor-widget-heading\" data-id=\"7bde0de\" data-element_type=\"widget\" data-settings=\"{&quot;_animation&quot;:&quot;slideInDown&quot;}\" data-widget_type=\"heading.default\">\n\t\t\t\t\t<h2 class=\"elementor-heading-title elementor-size-default\">Letzte Aktualisierung der Website<\/h2>\t\t\t\t<\/div>\n\t\t\t\t<div class=\"elementor-element elementor-element-026b5a0 elementor-widget elementor-widget-text-editor\" data-id=\"026b5a0\" data-element_type=\"widget\" data-widget_type=\"text-editor.default\">\n\t\t\t\t\t\t\t\t\t<p>Diese Website wurde zuletzt am 20.01.2026 in wesentlichen Punkten inhaltlich \u00fcberarbeitet.<\/p>\t\t\t\t\t\t\t\t<\/div>\n\t\t\t\t<div class=\"elementor-element elementor-element-a7c7add elementor-invisible elementor-widget elementor-widget-heading\" data-id=\"a7c7add\" data-element_type=\"widget\" data-settings=\"{&quot;_animation&quot;:&quot;slideInDown&quot;}\" data-widget_type=\"heading.default\">\n\t\t\t\t\t<h2 class=\"elementor-heading-title elementor-size-default\">Feedback und Kontaktangaben<\/h2>\t\t\t\t<\/div>\n\t\t\t\t<div class=\"elementor-element elementor-element-34233b5 elementor-widget elementor-widget-text-editor\" data-id=\"34233b5\" data-element_type=\"widget\" data-widget_type=\"text-editor.default\">\n\t\t\t\t\t\t\t\t\t<p>Sind Ihnen M\u00e4ngel beim barrierefreien Zugang zu Inhalten auf unserer Website aufgefallen oder haben Sie Anmerkungen sowie Fragen zum barrierefreien Zugang? Melden Sie sich gerne bei uns unter:<\/p><p>Friedrich Kalb KG<br \/>Friedhofweg 4<br \/>78199 Br\u00e4unlingen<\/p><div class=\"ce_text block\"><p><strong>E-Mail:<\/strong>\u00a0<a href=\"mailto:info@braeunlinger.de\">info@braeunlinger.de<\/a><\/p><\/div>\t\t\t\t\t\t\t\t<\/div>\n\t\t\t\t<div class=\"elementor-element elementor-element-f5cadcc elementor-invisible elementor-widget elementor-widget-heading\" data-id=\"f5cadcc\" data-element_type=\"widget\" data-settings=\"{&quot;_animation&quot;:&quot;slideInDown&quot;}\" data-widget_type=\"heading.default\">\n\t\t\t\t\t<h2 class=\"elementor-heading-title elementor-size-default\">Telefonische Hilfe f\u00fcr Menschen mit Behinderungen<\/h2>\t\t\t\t<\/div>\n\t\t\t\t<div class=\"elementor-element elementor-element-21e4d74 elementor-widget elementor-widget-text-editor\" data-id=\"21e4d74\" data-element_type=\"widget\" data-widget_type=\"text-editor.default\">\n\t\t\t\t\t\t\t\t\t<p>Wir verf\u00fcgen \u00fcber eine telefonische Hilfe-Hotline f\u00fcr Menschen mit Behinderungen und die Nutzer unterst\u00fctzender Technologien. Diese k\u00f6nnen Sie unter folgender Telefonnummer erreichen: <strong>07577 \u2013 38 33<\/strong><\/p>\t\t\t\t\t\t\t\t<\/div>\n\t\t\t\t<div class=\"elementor-element elementor-element-027ccb4 elementor-invisible elementor-widget elementor-widget-heading\" data-id=\"027ccb4\" data-element_type=\"widget\" data-settings=\"{&quot;_animation&quot;:&quot;slideInDown&quot;}\" data-widget_type=\"heading.default\">\n\t\t\t\t\t<h2 class=\"elementor-heading-title elementor-size-default\">Stand der Vereinbarkeit mit den Anforderungen<\/h2>\t\t\t\t<\/div>\n\t\t\t\t<div class=\"elementor-element elementor-element-b17b475 elementor-widget elementor-widget-text-editor\" data-id=\"b17b475\" data-element_type=\"widget\" data-widget_type=\"text-editor.default\">\n\t\t\t\t\t\t\t\t\t<p>Diese Website ist nicht vollst\u00e4ndig mit den f\u00fcr uns geltenden Vorschriften zur Barrierefreiheit vereinbar. Im Einzelnen<\/p>\t\t\t\t\t\t\t\t<\/div>\n\t\t\t\t<div class=\"elementor-element elementor-element-0cf447f elementor-invisible elementor-widget elementor-widget-heading\" data-id=\"0cf447f\" data-element_type=\"widget\" data-settings=\"{&quot;_animation&quot;:&quot;slideInDown&quot;}\" data-widget_type=\"heading.default\">\n\t\t\t\t\t<h2 class=\"elementor-heading-title elementor-size-default\">Unvereinbarkeit mit den Rechtsvorschriften zur Barrierefreiheit<\/h2>\t\t\t\t<\/div>\n\t\t\t\t<div class=\"elementor-element elementor-element-bb4b5e5 elementor-widget elementor-widget-text-editor\" data-id=\"bb4b5e5\" data-element_type=\"widget\" data-widget_type=\"text-editor.default\">\n\t\t\t\t\t\t\t\t\t<p>Die nachstehend aufgef\u00fchrten Inhalte sind nicht mit den einschl\u00e4gigen gesetzlichen Vorschriften zur Barrierefreiheit vereinbar:<\/p><p>Einzelne Textelemente und Bedienelemente auf der Website weisen derzeit nicht ausreichend Kontrast zum Hintergrund auf. Damit wird Erfolgskriterium 1.4.3 \u201eKontrast (Minimum)\u201c der WCAG 2.1 \u2013 Konformit\u00e4tsstufe AA nicht vollst\u00e4ndig erf\u00fcllt. Eine \u00dcberarbeitung zur Verbesserung der Kontraste ist bereits vorgesehen.<\/p>\t\t\t\t\t\t\t\t<\/div>\n\t\t\t\t<div class=\"elementor-element elementor-element-0c89b23 elementor-invisible elementor-widget elementor-widget-heading\" data-id=\"0c89b23\" data-element_type=\"widget\" data-settings=\"{&quot;_animation&quot;:&quot;slideInDown&quot;}\" data-widget_type=\"heading.default\">\n\t\t\t\t\t<h2 class=\"elementor-heading-title elementor-size-default\">Unverh\u00e4ltnism\u00e4\u00dfige Belastung<\/h2>\t\t\t\t<\/div>\n\t\t\t\t<div class=\"elementor-element elementor-element-a1babbd elementor-widget elementor-widget-text-editor\" data-id=\"a1babbd\" data-element_type=\"widget\" data-widget_type=\"text-editor.default\">\n\t\t\t\t\t\t\t\t\t<p>Folgende Inhalte werden nicht barrierefrei zur Verf\u00fcgung gestellt, weil dies f\u00fcr uns zu einer unverh\u00e4ltnism\u00e4\u00dfigen Belastung f\u00fchren w\u00fcrde:<\/p><p>Einige farbliche Gestaltungselemente (z.\u202fB. Logos oder bestimmte Akzentfarben) entsprechen aktuell nicht vollst\u00e4ndig den Anforderungen an ausreichende Kontraste gem\u00e4\u00df WCAG 2.1 (Erfolgskriterium 1.4.3). Da diese Farben fester Bestandteil des Corporate Designs sind w\u00fcrde eine vollst\u00e4ndige Umstellung eine unverh\u00e4ltnism\u00e4\u00dfige Belastung im Sinne von Art. 5 der Richtlinie (EU) 2016\/2102 darstellen.<br \/><br \/>Wir achten jedoch darauf, dass zentrale Informationen und Bedienelemente unabh\u00e4ngig davon gut lesbar und zug\u00e4nglich sind.<\/p>\t\t\t\t\t\t\t\t<\/div>\n\t\t\t\t<div class=\"elementor-element elementor-element-a715867 elementor-invisible elementor-widget elementor-widget-heading\" data-id=\"a715867\" data-element_type=\"widget\" data-settings=\"{&quot;_animation&quot;:&quot;slideInDown&quot;}\" data-widget_type=\"heading.default\">\n\t\t\t\t\t<h2 class=\"elementor-heading-title elementor-size-default\">Ausnahmen vom Anwendungsbereich der Vorschriften zur Barrierefreiheit<\/h2>\t\t\t\t<\/div>\n\t\t\t\t<div class=\"elementor-element elementor-element-d0deb42 elementor-widget elementor-widget-text-editor\" data-id=\"d0deb42\" data-element_type=\"widget\" data-widget_type=\"text-editor.default\">\n\t\t\t\t\t\t\t\t\t<p>Folgende nicht barrierefreie Inhalte auf dieser Website fallen nicht unter den Anwendungsbereich der Vorschriften zur Barrierefreiheit:<\/p><p>Bestimmte grafische und dekorative Elemente, wie z.\u202fB. Icons, Buttons und einzelne Textelemente, fallen nicht unter die verpflichtenden Vorgaben zur Barrierefreiheit gem\u00e4\u00df \u00a7\u202f1 Absatz\u202f3 der Barrierefreie-Informationstechnik-Verordnung (BFITV) bzw. Artikel\u202f1 Absatz\u202f4 der Richtlinie (EU) 2016\/2102. Diese Inhalte enthalten keine wesentlichen Informationen oder Funktionen im Sinne der Richtlinie.<\/p>\t\t\t\t\t\t\t\t<\/div>\n\t\t\t\t<div class=\"elementor-element elementor-element-e37b13b elementor-invisible elementor-widget elementor-widget-heading\" data-id=\"e37b13b\" data-element_type=\"widget\" data-settings=\"{&quot;_animation&quot;:&quot;slideInDown&quot;}\" data-widget_type=\"heading.default\">\n\t\t\t\t\t<h2 class=\"elementor-heading-title elementor-size-default\">Barrierefreie Alternativen<\/h2>\t\t\t\t<\/div>\n\t\t\t\t<div class=\"elementor-element elementor-element-95f358b elementor-widget elementor-widget-text-editor\" data-id=\"95f358b\" data-element_type=\"widget\" data-widget_type=\"text-editor.default\">\n\t\t\t\t\t\t\t\t\t<p>F\u00fcr unsere nicht barrierefreien Inhalte stellen wir folgende barrierefreie Alternativen zur Verf\u00fcgung:<\/p><p>Visuelle Inhalte von Bildern sind \u00fcber Alternativtext zug\u00e4nglich gemacht und damit f\u00fcr assistive Technologien erkennbar. Icons dienen ausschlie\u00dflich dekorativen Zwecken und transportieren keine relevanten Inhalte. Eine barrierefreie Umsetzung dieser Icons ist daher nicht erforderlich.<\/p>\t\t\t\t\t\t\t\t<\/div>\n\t\t\t\t<div class=\"elementor-element elementor-element-0288bc0 elementor-invisible elementor-widget elementor-widget-heading\" data-id=\"0288bc0\" data-element_type=\"widget\" data-settings=\"{&quot;_animation&quot;:&quot;slideInDown&quot;}\" data-widget_type=\"heading.default\">\n\t\t\t\t\t<h2 class=\"elementor-heading-title elementor-size-default\">Evaluationsmethode<\/h2>\t\t\t\t<\/div>\n\t\t\t\t<div class=\"elementor-element elementor-element-5eb0b27 elementor-widget elementor-widget-text-editor\" data-id=\"5eb0b27\" data-element_type=\"widget\" data-widget_type=\"text-editor.default\">\n\t\t\t\t\t\t\t\t\t<p>Die Evaluierung der Barrierefreiheit erfolgte durch eine vereinfachte Selbstbewertung auf Grundlage der Anforderungen der WCAG 2.1 \u2013 Konformit\u00e4tsstufe AA sowie der einschl\u00e4gigen Bestimmungen gem\u00e4\u00df dem Barrierefreiheitsst\u00e4rkungsgesetz (BFSG) und der Barrierefreie-Informationstechnik-Verordnung (BFITV). Dabei wurden sowohl manuelle Tests als auch unterst\u00fctzende Pr\u00fcfwerkzeuge (z.\u202fB. Browser-Plugins zur Kontrast- und Strukturpr\u00fcfung) eingesetzt.<\/p>\t\t\t\t\t\t\t\t<\/div>\n\t\t\t\t<div class=\"elementor-element elementor-element-1bbe508 elementor-invisible elementor-widget elementor-widget-heading\" data-id=\"1bbe508\" data-element_type=\"widget\" data-settings=\"{&quot;_animation&quot;:&quot;slideInDown&quot;}\" data-widget_type=\"heading.default\">\n\t\t\t\t\t<h2 class=\"elementor-heading-title elementor-size-default\">Weitergehende Ma\u00dfnahmen zur Verbesserung des barrierefreien Zugangs zu unserer Website<\/h2>\t\t\t\t<\/div>\n\t\t\t\t<div class=\"elementor-element elementor-element-9bce0ef elementor-widget elementor-widget-text-editor\" data-id=\"9bce0ef\" data-element_type=\"widget\" data-widget_type=\"text-editor.default\">\n\t\t\t\t\t\t\t\t\t<p>Wir bem\u00fchen uns stets um die Verbesserung der barrierefreien Zugangsm\u00f6glichkeiten zu unserer Website. Derzeit tun wir hierzu Folgendes:<\/p><p>Die Betreiber der Website www.loewencola.de ist bestrebt, die digitale Barrierefreiheit kontinuierlich zu verbessern. Daf\u00fcr werden folgende Ma\u00dfnahmen umgesetzt:<\/p><p>Ber\u00fccksichtigung von Barrierefreiheit bei der laufenden Weiterentwicklung der Website und beim Einpflegen neuer Inhalte. Schulung der redaktionell Verantwortlichen im Umgang mit barrierefreien Inhalten (z.\u202fB. Alternativtexte, \u00dcberschriftenstruktur, Linkbeschriftung). Einsatz unterst\u00fctzender Tools und Plugins zur \u00dcberpr\u00fcfung der technischen und inhaltlichen Barrierefreiheit. Regelm\u00e4\u00dfige interne Pr\u00fcfungen auf Grundlage der WCAG 2.1 (AA) sowie Feedbackauswertung von Nutzer*innen.<\/p><p>Ziel ist es, die Website m\u00f6glichst vielen Menschen unabh\u00e4ngig von ihren individuellen F\u00e4higkeiten zug\u00e4nglich zu machen.<\/p>\t\t\t\t\t\t\t\t<\/div>\n\t\t\t\t<div class=\"elementor-element elementor-element-9c13a21 elementor-invisible elementor-widget elementor-widget-heading\" data-id=\"9c13a21\" data-element_type=\"widget\" data-settings=\"{&quot;_animation&quot;:&quot;slideInDown&quot;}\" data-widget_type=\"heading.default\">\n\t\t\t\t\t<h2 class=\"elementor-heading-title elementor-size-default\">Durchsetzungsverfahren<\/h2>\t\t\t\t<\/div>\n\t\t\t\t<div class=\"elementor-element elementor-element-432bb9c elementor-widget elementor-widget-text-editor\" data-id=\"432bb9c\" data-element_type=\"widget\" data-widget_type=\"text-editor.default\">\n\t\t\t\t\t\t\t\t\t<p>Sollten Sie der Ansicht sein, dass Sie durch eine nicht ausreichende barrierefreie Gestaltung unserer Website benachteiligt sind, k\u00f6nnen Sie sich an die zust\u00e4ndige Durchsetzungsstelle wenden. Diese erreichen Sie unter:<\/p><p>Ministerium f\u00fcr Soziales und Integration Baden-W\u00fcrttemberg<br \/>Else-Josenhans-Stra\u00dfe 6<br \/>70173 Stuttgart<\/p><p>Telefon: 0711 279-3360<br \/>E-Mail:\u00a0<a href=\"mailto:poststelle@bfbmb.bwl.de\">poststelle@bfbmb.bwl.de<\/a><\/p>\t\t\t\t\t\t\t\t<\/div>\n\t\t\t\t<div class=\"elementor-element elementor-element-9a0fc07 elementor-invisible elementor-widget elementor-widget-heading\" data-id=\"9a0fc07\" data-element_type=\"widget\" data-settings=\"{&quot;_animation&quot;:&quot;slideInDown&quot;}\" data-widget_type=\"heading.default\">\n\t\t\t\t\t<h2 class=\"elementor-heading-title elementor-size-default\">Erstellung dieser Erkl\u00e4rung zur Barrierefreiheit<\/h2>\t\t\t\t<\/div>\n\t\t\t\t<div class=\"elementor-element elementor-element-8cdd4fb elementor-widget elementor-widget-text-editor\" data-id=\"8cdd4fb\" data-element_type=\"widget\" data-widget_type=\"text-editor.default\">\n\t\t\t\t\t\t\t\t\t<p>Diese Erkl\u00e4rung wurde am 20.01.2026 erstellt.<\/p><p>Die Erkl\u00e4rung wurde zuletzt am 20.01.2026 \u00fcberpr\u00fcft.<\/p><p>Quelle:\u00a0<a href=\"https:\/\/www.e-recht24.de\/\">https:\/\/www.e-recht24.de<\/a><\/p>\t\t\t\t\t\t\t\t<\/div>\n\t\t\t\t\t<\/div>\n\t\t\t\t<\/div>\n\t\t\t\t<\/div>\n\t\t","protected":false},"excerpt":{"rendered":"<p>Barrierefreiheit Wir (L\u00f6wenbrauerei Br\u00e4unlingen) als Websitebetreiber sind bem\u00fcht, die Website in Einklang mit den einschl\u00e4gigen Vorschriften zur Barrierefreiheit zu gestalten. F\u00fcr uns gelten folgende Rechtsvorschriften: Landesgesetz zur Gleichstellung von Menschen mit Behinderungen (Landes-Behindertengleichstellungsgesetz \u2013 L-BGG) und L-BGG-Durchf\u00fchrungsverordnung Website Diese Erkl\u00e4rung zur Barrierefreiheit gilt f\u00fcr die Website www.loewencola.de Ver\u00f6ffentlichungsdatum der Website Diese Website wurde am 15.12.2025 [&hellip;]<\/p>\n","protected":false},"author":2,"featured_media":0,"parent":0,"menu_order":0,"comment_status":"closed","ping_status":"closed","template":"","meta":{"footnotes":""},"class_list":["post-851","page","type-page","status-publish","hentry"],"yoast_head":"<!-- This site is optimized with the Yoast SEO plugin v26.6 - https:\/\/yoast.com\/wordpress\/plugins\/seo\/ -->\n<title>Barrierefreiheit - L\u00f6wen Cola<\/title>\n<meta name=\"robots\" content=\"index, nofollow, max-snippet:-1, max-image-preview:large, max-video-preview:-1\" \/>\n<link rel=\"canonical\" href=\"https:\/\/loewencola.de\/?page_id=851\" \/>\n<meta property=\"og:locale\" content=\"de_DE\" \/>\n<meta property=\"og:type\" content=\"article\" \/>\n<meta property=\"og:title\" content=\"Barrierefreiheit - L\u00f6wen Cola\" \/>\n<meta property=\"og:description\" content=\"Barrierefreiheit Wir (L\u00f6wenbrauerei Br\u00e4unlingen) als Websitebetreiber sind bem\u00fcht, die Website in Einklang mit den einschl\u00e4gigen Vorschriften zur Barrierefreiheit zu gestalten. F\u00fcr uns gelten folgende Rechtsvorschriften: Landesgesetz zur Gleichstellung von Menschen mit Behinderungen (Landes-Behindertengleichstellungsgesetz \u2013 L-BGG) und L-BGG-Durchf\u00fchrungsverordnung Website Diese Erkl\u00e4rung zur Barrierefreiheit gilt f\u00fcr die Website www.loewencola.de Ver\u00f6ffentlichungsdatum der Website Diese Website wurde am 15.12.2025 [&hellip;]\" \/>\n<meta property=\"og:url\" content=\"https:\/\/loewencola.de\/?page_id=851\" \/>\n<meta property=\"og:site_name\" content=\"L\u00f6wen Cola\" \/>\n<meta property=\"article:modified_time\" content=\"2026-01-20T12:38:18+00:00\" \/>\n<meta name=\"twitter:card\" content=\"summary_large_image\" \/>\n<meta name=\"twitter:label1\" content=\"Gesch\u00e4tzte Lesezeit\" \/>\n\t<meta name=\"twitter:data1\" content=\"4\u00a0Minuten\" \/>\n<script type=\"application\/ld+json\" class=\"yoast-schema-graph\">{\"@context\":\"https:\/\/schema.org\",\"@graph\":[{\"@type\":\"WebPage\",\"@id\":\"https:\/\/loewencola.de\/?page_id=851\",\"url\":\"https:\/\/loewencola.de\/?page_id=851\",\"name\":\"Barrierefreiheit - L\u00f6wen Cola\",\"isPartOf\":{\"@id\":\"https:\/\/loewencola.de\/#website\"},\"datePublished\":\"2026-01-19T15:01:09+00:00\",\"dateModified\":\"2026-01-20T12:38:18+00:00\",\"breadcrumb\":{\"@id\":\"https:\/\/loewencola.de\/?page_id=851#breadcrumb\"},\"inLanguage\":\"de\",\"potentialAction\":[{\"@type\":\"ReadAction\",\"target\":[\"https:\/\/loewencola.de\/?page_id=851\"]}]},{\"@type\":\"BreadcrumbList\",\"@id\":\"https:\/\/loewencola.de\/?page_id=851#breadcrumb\",\"itemListElement\":[{\"@type\":\"ListItem\",\"position\":1,\"name\":\"Startseite\",\"item\":\"https:\/\/loewencola.de\/\"},{\"@type\":\"ListItem\",\"position\":2,\"name\":\"Barrierefreiheit\"}]},{\"@type\":\"WebSite\",\"@id\":\"https:\/\/loewencola.de\/#website\",\"url\":\"https:\/\/loewencola.de\/\",\"name\":\"L\u00f6wen Cola\",\"description\":\"L\u00f6wen Limos\",\"publisher\":{\"@id\":\"https:\/\/loewencola.de\/#organization\"},\"potentialAction\":[{\"@type\":\"SearchAction\",\"target\":{\"@type\":\"EntryPoint\",\"urlTemplate\":\"https:\/\/loewencola.de\/?s={search_term_string}\"},\"query-input\":{\"@type\":\"PropertyValueSpecification\",\"valueRequired\":true,\"valueName\":\"search_term_string\"}}],\"inLanguage\":\"de\"},{\"@type\":\"Organization\",\"@id\":\"https:\/\/loewencola.de\/#organization\",\"name\":\"L\u00f6wen Cola\",\"url\":\"https:\/\/loewencola.de\/\",\"logo\":{\"@type\":\"ImageObject\",\"inLanguage\":\"de\",\"@id\":\"https:\/\/loewencola.de\/#\/schema\/logo\/image\/\",\"url\":\"https:\/\/loewencola.de\/wp-content\/uploads\/2025\/12\/loewen_cola_Logo-1.png\",\"contentUrl\":\"https:\/\/loewencola.de\/wp-content\/uploads\/2025\/12\/loewen_cola_Logo-1.png\",\"width\":315,\"height\":229,\"caption\":\"L\u00f6wen Cola\"},\"image\":{\"@id\":\"https:\/\/loewencola.de\/#\/schema\/logo\/image\/\"}}]}<\/script>\n<!-- \/ Yoast SEO plugin. -->","yoast_head_json":{"title":"Barrierefreiheit - L\u00f6wen Cola","robots":{"index":"index","follow":"nofollow","max-snippet":"max-snippet:-1","max-image-preview":"max-image-preview:large","max-video-preview":"max-video-preview:-1"},"canonical":"https:\/\/loewencola.de\/?page_id=851","og_locale":"de_DE","og_type":"article","og_title":"Barrierefreiheit - L\u00f6wen Cola","og_description":"Barrierefreiheit Wir (L\u00f6wenbrauerei Br\u00e4unlingen) als Websitebetreiber sind bem\u00fcht, die Website in Einklang mit den einschl\u00e4gigen Vorschriften zur Barrierefreiheit zu gestalten. F\u00fcr uns gelten folgende Rechtsvorschriften: Landesgesetz zur Gleichstellung von Menschen mit Behinderungen (Landes-Behindertengleichstellungsgesetz \u2013 L-BGG) und L-BGG-Durchf\u00fchrungsverordnung Website Diese Erkl\u00e4rung zur Barrierefreiheit gilt f\u00fcr die Website www.loewencola.de Ver\u00f6ffentlichungsdatum der Website Diese Website wurde am 15.12.2025 [&hellip;]","og_url":"https:\/\/loewencola.de\/?page_id=851","og_site_name":"L\u00f6wen Cola","article_modified_time":"2026-01-20T12:38:18+00:00","twitter_card":"summary_large_image","twitter_misc":{"Gesch\u00e4tzte Lesezeit":"4\u00a0Minuten"},"schema":{"@context":"https:\/\/schema.org","@graph":[{"@type":"WebPage","@id":"https:\/\/loewencola.de\/?page_id=851","url":"https:\/\/loewencola.de\/?page_id=851","name":"Barrierefreiheit - L\u00f6wen Cola","isPartOf":{"@id":"https:\/\/loewencola.de\/#website"},"datePublished":"2026-01-19T15:01:09+00:00","dateModified":"2026-01-20T12:38:18+00:00","breadcrumb":{"@id":"https:\/\/loewencola.de\/?page_id=851#breadcrumb"},"inLanguage":"de","potentialAction":[{"@type":"ReadAction","target":["https:\/\/loewencola.de\/?page_id=851"]}]},{"@type":"BreadcrumbList","@id":"https:\/\/loewencola.de\/?page_id=851#breadcrumb","itemListElement":[{"@type":"ListItem","position":1,"name":"Startseite","item":"https:\/\/loewencola.de\/"},{"@type":"ListItem","position":2,"name":"Barrierefreiheit"}]},{"@type":"WebSite","@id":"https:\/\/loewencola.de\/#website","url":"https:\/\/loewencola.de\/","name":"L\u00f6wen Cola","description":"L\u00f6wen Limos","publisher":{"@id":"https:\/\/loewencola.de\/#organization"},"potentialAction":[{"@type":"SearchAction","target":{"@type":"EntryPoint","urlTemplate":"https:\/\/loewencola.de\/?s={search_term_string}"},"query-input":{"@type":"PropertyValueSpecification","valueRequired":true,"valueName":"search_term_string"}}],"inLanguage":"de"},{"@type":"Organization","@id":"https:\/\/loewencola.de\/#organization","name":"L\u00f6wen Cola","url":"https:\/\/loewencola.de\/","logo":{"@type":"ImageObject","inLanguage":"de","@id":"https:\/\/loewencola.de\/#\/schema\/logo\/image\/","url":"https:\/\/loewencola.de\/wp-content\/uploads\/2025\/12\/loewen_cola_Logo-1.png","contentUrl":"https:\/\/loewencola.de\/wp-content\/uploads\/2025\/12\/loewen_cola_Logo-1.png","width":315,"height":229,"caption":"L\u00f6wen Cola"},"image":{"@id":"https:\/\/loewencola.de\/#\/schema\/logo\/image\/"}}]}},"_links":{"self":[{"href":"https:\/\/loewencola.de\/index.php?rest_route=\/wp\/v2\/pages\/851","targetHints":{"allow":["GET"]}}],"collection":[{"href":"https:\/\/loewencola.de\/index.php?rest_route=\/wp\/v2\/pages"}],"about":[{"href":"https:\/\/loewencola.de\/index.php?rest_route=\/wp\/v2\/types\/page"}],"author":[{"embeddable":true,"href":"https:\/\/loewencola.de\/index.php?rest_route=\/wp\/v2\/users\/2"}],"replies":[{"embeddable":true,"href":"https:\/\/loewencola.de\/index.php?rest_route=%2Fwp%2Fv2%2Fcomments&post=851"}],"version-history":[{"count":16,"href":"https:\/\/loewencola.de\/index.php?rest_route=\/wp\/v2\/pages\/851\/revisions"}],"predecessor-version":[{"id":943,"href":"https:\/\/loewencola.de\/index.php?rest_route=\/wp\/v2\/pages\/851\/revisions\/943"}],"wp:attachment":[{"href":"https:\/\/loewencola.de\/index.php?rest_route=%2Fwp%2Fv2%2Fmedia&parent=851"}],"curies":[{"name":"wp","href":"https:\/\/api.w.org\/{rel}","templated":true}]}}