{"id":232,"date":"2025-12-17T10:36:18","date_gmt":"2025-12-17T09:36:18","guid":{"rendered":"https:\/\/loewencola.de\/?page_id=232"},"modified":"2026-01-19T17:54:26","modified_gmt":"2026-01-19T16:54:26","slug":"kontakt","status":"publish","type":"page","link":"https:\/\/loewencola.de\/?page_id=232","title":{"rendered":"Kontakt"},"content":{"rendered":"","protected":true},"excerpt":{"rendered":"","protected":true},"author":2,"featured_media":0,"parent":0,"menu_order":0,"comment_status":"closed","ping_status":"closed","template":"","meta":{"footnotes":""},"class_list":["post-232","page","type-page","status-publish","post-password-required","hentry"],"yoast_head":"<!-- This site is optimized with the Yoast SEO plugin v26.6 - https:\/\/yoast.com\/wordpress\/plugins\/seo\/ -->\n<title>Kontakt - L\u00f6wen Cola<\/title>\n<meta name=\"description\" content=\"Du findest unsere Br\u00e4unlinger L\u00f6wenbrauerei und den dazugeh\u00f6rigen Getr\u00e4nkemarkt direkt in Br\u00e4unlingen. Komm gerne vorbei und probiere unsere Limos und Biersorten.\" \/>\n<meta name=\"robots\" content=\"index, follow, max-snippet:-1, max-image-preview:large, max-video-preview:-1\" \/>\n<link rel=\"canonical\" href=\"http:\/\/loewencola.de\/?page_id=232\" \/>\n<meta property=\"og:locale\" content=\"de_DE\" \/>\n<meta property=\"og:type\" content=\"article\" \/>\n<meta property=\"og:title\" content=\"Kontakt - L\u00f6wen Cola\" \/>\n<meta property=\"og:description\" content=\"Du findest unsere Br\u00e4unlinger L\u00f6wenbrauerei und den dazugeh\u00f6rigen Getr\u00e4nkemarkt direkt in Br\u00e4unlingen. Komm gerne vorbei und probiere unsere Limos und Biersorten.\" \/>\n<meta property=\"og:url\" content=\"http:\/\/loewencola.de\/?page_id=232\" \/>\n<meta property=\"og:site_name\" content=\"L\u00f6wen Cola\" \/>\n<meta property=\"article:modified_time\" content=\"2026-01-19T16:54:26+00:00\" \/>\n<meta name=\"twitter:card\" content=\"summary_large_image\" \/>\n<meta name=\"twitter:label1\" content=\"Gesch\u00e4tzte Lesezeit\" \/>\n\t<meta name=\"twitter:data1\" content=\"1\u00a0Minute\" \/>\n<script type=\"application\/ld+json\" class=\"yoast-schema-graph\">{\"@context\":\"https:\/\/schema.org\",\"@graph\":[{\"@type\":\"WebPage\",\"@id\":\"http:\/\/loewencola.de\/?page_id=232\",\"url\":\"http:\/\/loewencola.de\/?page_id=232\",\"name\":\"Kontakt - L\u00f6wen Cola\",\"isPartOf\":{\"@id\":\"https:\/\/loewencola.de\/#website\"},\"datePublished\":\"2025-12-17T09:36:18+00:00\",\"dateModified\":\"2026-01-19T16:54:26+00:00\",\"breadcrumb\":{\"@id\":\"http:\/\/loewencola.de\/?page_id=232#breadcrumb\"},\"inLanguage\":\"de\"},{\"@type\":\"WebSite\",\"@id\":\"https:\/\/loewencola.de\/#website\",\"url\":\"https:\/\/loewencola.de\/\",\"name\":\"L\u00f6wen Cola\",\"description\":\"L\u00f6wen Limos\",\"publisher\":{\"@id\":\"https:\/\/loewencola.de\/#organization\"},\"potentialAction\":[{\"@type\":\"SearchAction\",\"target\":{\"@type\":\"EntryPoint\",\"urlTemplate\":\"https:\/\/loewencola.de\/?s={search_term_string}\"},\"query-input\":{\"@type\":\"PropertyValueSpecification\",\"valueRequired\":true,\"valueName\":\"search_term_string\"}}],\"inLanguage\":\"de\"},{\"@type\":\"Organization\",\"@id\":\"https:\/\/loewencola.de\/#organization\",\"name\":\"L\u00f6wen Cola\",\"url\":\"https:\/\/loewencola.de\/\",\"logo\":{\"@type\":\"ImageObject\",\"inLanguage\":\"de\",\"@id\":\"https:\/\/loewencola.de\/#\/schema\/logo\/image\/\",\"url\":\"https:\/\/loewencola.de\/wp-content\/uploads\/2025\/12\/loewen_cola_Logo-1.png\",\"contentUrl\":\"https:\/\/loewencola.de\/wp-content\/uploads\/2025\/12\/loewen_cola_Logo-1.png\",\"width\":315,\"height\":229,\"caption\":\"L\u00f6wen Cola\"},\"image\":{\"@id\":\"https:\/\/loewencola.de\/#\/schema\/logo\/image\/\"}}]}<\/script>\n<!-- \/ Yoast SEO plugin. -->","yoast_head_json":{"title":"Kontakt - L\u00f6wen Cola","description":"Du findest unsere Br\u00e4unlinger L\u00f6wenbrauerei und den dazugeh\u00f6rigen Getr\u00e4nkemarkt direkt in Br\u00e4unlingen. Komm gerne vorbei und probiere unsere Limos und Biersorten.","robots":{"index":"index","follow":"follow","max-snippet":"max-snippet:-1","max-image-preview":"max-image-preview:large","max-video-preview":"max-video-preview:-1"},"canonical":"http:\/\/loewencola.de\/?page_id=232","og_locale":"de_DE","og_type":"article","og_title":"Kontakt - L\u00f6wen Cola","og_description":"Du findest unsere Br\u00e4unlinger L\u00f6wenbrauerei und den dazugeh\u00f6rigen Getr\u00e4nkemarkt direkt in Br\u00e4unlingen. Komm gerne vorbei und probiere unsere Limos und Biersorten.","og_url":"http:\/\/loewencola.de\/?page_id=232","og_site_name":"L\u00f6wen Cola","article_modified_time":"2026-01-19T16:54:26+00:00","twitter_card":"summary_large_image","twitter_misc":{"Gesch\u00e4tzte Lesezeit":"1\u00a0Minute"},"schema":{"@context":"https:\/\/schema.org","@graph":[{"@type":"WebPage","@id":"http:\/\/loewencola.de\/?page_id=232","url":"http:\/\/loewencola.de\/?page_id=232","name":"Kontakt - L\u00f6wen Cola","isPartOf":{"@id":"https:\/\/loewencola.de\/#website"},"datePublished":"2025-12-17T09:36:18+00:00","dateModified":"2026-01-19T16:54:26+00:00","breadcrumb":{"@id":"http:\/\/loewencola.de\/?page_id=232#breadcrumb"},"inLanguage":"de"},{"@type":"WebSite","@id":"https:\/\/loewencola.de\/#website","url":"https:\/\/loewencola.de\/","name":"L\u00f6wen Cola","description":"L\u00f6wen Limos","publisher":{"@id":"https:\/\/loewencola.de\/#organization"},"potentialAction":[{"@type":"SearchAction","target":{"@type":"EntryPoint","urlTemplate":"https:\/\/loewencola.de\/?s={search_term_string}"},"query-input":{"@type":"PropertyValueSpecification","valueRequired":true,"valueName":"search_term_string"}}],"inLanguage":"de"},{"@type":"Organization","@id":"https:\/\/loewencola.de\/#organization","name":"L\u00f6wen Cola","url":"https:\/\/loewencola.de\/","logo":{"@type":"ImageObject","inLanguage":"de","@id":"https:\/\/loewencola.de\/#\/schema\/logo\/image\/","url":"https:\/\/loewencola.de\/wp-content\/uploads\/2025\/12\/loewen_cola_Logo-1.png","contentUrl":"https:\/\/loewencola.de\/wp-content\/uploads\/2025\/12\/loewen_cola_Logo-1.png","width":315,"height":229,"caption":"L\u00f6wen Cola"},"image":{"@id":"https:\/\/loewencola.de\/#\/schema\/logo\/image\/"}}]}},"_links":{"self":[{"href":"https:\/\/loewencola.de\/index.php?rest_route=\/wp\/v2\/pages\/232","targetHints":{"allow":["GET"]}}],"collection":[{"href":"https:\/\/loewencola.de\/index.php?rest_route=\/wp\/v2\/pages"}],"about":[{"href":"https:\/\/loewencola.de\/index.php?rest_route=\/wp\/v2\/types\/page"}],"author":[{"embeddable":true,"href":"https:\/\/loewencola.de\/index.php?rest_route=\/wp\/v2\/users\/2"}],"replies":[{"embeddable":true,"href":"https:\/\/loewencola.de\/index.php?rest_route=%2Fwp%2Fv2%2Fcomments&post=232"}],"version-history":[{"count":34,"href":"https:\/\/loewencola.de\/index.php?rest_route=\/wp\/v2\/pages\/232\/revisions"}],"predecessor-version":[{"id":885,"href":"https:\/\/loewencola.de\/index.php?rest_route=\/wp\/v2\/pages\/232\/revisions\/885"}],"wp:attachment":[{"href":"https:\/\/loewencola.de\/index.php?rest_route=%2Fwp%2Fv2%2Fmedia&parent=232"}],"curies":[{"name":"wp","href":"https:\/\/api.w.org\/{rel}","templated":true}]}}